{"id":267,"date":"2022-04-29T13:24:39","date_gmt":"2022-04-29T16:24:39","guid":{"rendered":"http:\/\/170.210.81.106\/cehepyc\/?page_id=267"},"modified":"2022-05-09T15:01:26","modified_gmt":"2022-05-09T18:01:26","slug":"transferencia","status":"publish","type":"page","link":"https:\/\/cehepyc.uncoma.edu.ar\/index.php\/transferencia\/","title":{"rendered":"Transferencia"},"content":{"rendered":"\t\t<div data-elementor-type=\"wp-page\" data-elementor-id=\"267\" class=\"elementor elementor-267\" data-elementor-post-type=\"page\">\n\t\t\t\t\t\t<section class=\"elementor-section elementor-top-section elementor-element elementor-element-29eb2ae elementor-section-stretched elementor-section-boxed elementor-section-height-default elementor-section-height-default\" data-id=\"29eb2ae\" data-element_type=\"section\" data-e-type=\"section\" data-settings=\"{&quot;stretch_section&quot;:&quot;section-stretched&quot;}\">\n\t\t\t\t\t\t<div class=\"elementor-container elementor-column-gap-default\">\n\t\t\t\t\t<div class=\"elementor-column elementor-col-100 elementor-top-column elementor-element elementor-element-0c6b9f3\" data-id=\"0c6b9f3\" data-element_type=\"column\" data-e-type=\"column\">\n\t\t\t<div class=\"elementor-widget-wrap\">\n\t\t\t\t\t\t\t<\/div>\n\t\t<\/div>\n\t\t\t\t\t<\/div>\n\t\t<\/section>\n\t\t\t\t<section class=\"elementor-section elementor-top-section elementor-element elementor-element-d53fa5e elementor-section-stretched elementor-section-boxed elementor-section-height-default elementor-section-height-default\" data-id=\"d53fa5e\" data-element_type=\"section\" data-e-type=\"section\" data-settings=\"{&quot;stretch_section&quot;:&quot;section-stretched&quot;}\">\n\t\t\t\t\t\t<div class=\"elementor-container elementor-column-gap-default\">\n\t\t\t\t\t<div class=\"elementor-column elementor-col-100 elementor-top-column elementor-element elementor-element-64ada77\" data-id=\"64ada77\" data-element_type=\"column\" data-e-type=\"column\">\n\t\t\t<div class=\"elementor-widget-wrap elementor-element-populated\">\n\t\t\t\t\t\t<div class=\"elementor-element elementor-element-d958b3d elementor-grid-3 elementor-grid-tablet-2 elementor-grid-mobile-1 elementor-posts--thumbnail-top elementor-widget elementor-widget-posts\" data-id=\"d958b3d\" data-element_type=\"widget\" data-e-type=\"widget\" data-settings=\"{&quot;classic_columns&quot;:&quot;3&quot;,&quot;classic_columns_tablet&quot;:&quot;2&quot;,&quot;classic_columns_mobile&quot;:&quot;1&quot;,&quot;classic_row_gap&quot;:{&quot;unit&quot;:&quot;px&quot;,&quot;size&quot;:35,&quot;sizes&quot;:[]},&quot;classic_row_gap_tablet&quot;:{&quot;unit&quot;:&quot;px&quot;,&quot;size&quot;:&quot;&quot;,&quot;sizes&quot;:[]},&quot;classic_row_gap_mobile&quot;:{&quot;unit&quot;:&quot;px&quot;,&quot;size&quot;:&quot;&quot;,&quot;sizes&quot;:[]}}\" data-widget_type=\"posts.classic\">\n\t\t\t\t<div class=\"elementor-widget-container\">\n\t\t\t\t\t\t\t<div class=\"elementor-posts-container elementor-posts elementor-posts--skin-classic elementor-grid\" role=\"list\">\n\t\t\t\t<article class=\"elementor-post elementor-grid-item post-446 post type-post status-publish format-standard has-post-thumbnail hentry category-transferencia\" role=\"listitem\">\n\t\t\t\t<a class=\"elementor-post__thumbnail__link\" href=\"https:\/\/cehepyc.uncoma.edu.ar\/index.php\/links-de-interes\/\" tabindex=\"-1\" >\n\t\t\t<div class=\"elementor-post__thumbnail\"><img fetchpriority=\"high\" decoding=\"async\" width=\"300\" height=\"300\" src=\"https:\/\/cehepyc.uncoma.edu.ar\/wp-content\/uploads\/2024\/01\/cropped-logo-cehepyc-300x300.png\" class=\"attachment-medium size-medium wp-image-2294\" alt=\"\" srcset=\"https:\/\/cehepyc.uncoma.edu.ar\/wp-content\/uploads\/2024\/01\/cropped-logo-cehepyc-300x300.png 300w, https:\/\/cehepyc.uncoma.edu.ar\/wp-content\/uploads\/2024\/01\/cropped-logo-cehepyc-150x150.png 150w, https:\/\/cehepyc.uncoma.edu.ar\/wp-content\/uploads\/2024\/01\/cropped-logo-cehepyc-270x270.png 270w, https:\/\/cehepyc.uncoma.edu.ar\/wp-content\/uploads\/2024\/01\/cropped-logo-cehepyc-192x192.png 192w, https:\/\/cehepyc.uncoma.edu.ar\/wp-content\/uploads\/2024\/01\/cropped-logo-cehepyc-180x180.png 180w, https:\/\/cehepyc.uncoma.edu.ar\/wp-content\/uploads\/2024\/01\/cropped-logo-cehepyc-32x32.png 32w, https:\/\/cehepyc.uncoma.edu.ar\/wp-content\/uploads\/2024\/01\/cropped-logo-cehepyc.png 512w\" sizes=\"(max-width: 300px) 100vw, 300px\" \/><\/div>\n\t\t<\/a>\n\t\t\t\t<div class=\"elementor-post__text\">\n\t\t\t\t<h3 class=\"elementor-post__title\">\n\t\t\t<a href=\"https:\/\/cehepyc.uncoma.edu.ar\/index.php\/links-de-interes\/\" >\n\t\t\t\tLinks de Inter\u00e9s\t\t\t<\/a>\n\t\t<\/h3>\n\t\t\t\t<div class=\"elementor-post__meta-data\">\n\t\t\t\t\t<span class=\"elementor-post-date\">\n\t\t\t9 mayo, 2022\t\t<\/span>\n\t\t\t\t<\/div>\n\t\t\t\t<div class=\"elementor-post__excerpt\">\n\t\t\t<p>Consejo Latinoamericano de Ciencias Sociales (Clacso) http:\/\/www.clacso.org.ar\/ Red de Bibliotecas Virtuales de Ciencias Sociales de Am\u00e9rica Latina y el Caribe (Clacso)\u00a0 http:\/\/www.biblioteca.clacso.edu.ar\/ Consejo Nacional de<\/p>\n\t\t<\/div>\n\t\t\t\t<\/div>\n\t\t\t\t<\/article>\n\t\t\t\t<article class=\"elementor-post elementor-grid-item post-443 post type-post status-publish format-standard has-post-thumbnail hentry category-transferencia\" role=\"listitem\">\n\t\t\t\t<a class=\"elementor-post__thumbnail__link\" href=\"https:\/\/cehepyc.uncoma.edu.ar\/index.php\/443\/\" tabindex=\"-1\" >\n\t\t\t<div class=\"elementor-post__thumbnail\"><img decoding=\"async\" width=\"300\" height=\"170\" src=\"https:\/\/cehepyc.uncoma.edu.ar\/wp-content\/uploads\/2017\/10\/carlos-vidal-libro-presentacion-nqn-300x170.jpg\" class=\"attachment-medium size-medium wp-image-248\" alt=\"\" srcset=\"https:\/\/cehepyc.uncoma.edu.ar\/wp-content\/uploads\/2017\/10\/carlos-vidal-libro-presentacion-nqn-300x170.jpg 300w, https:\/\/cehepyc.uncoma.edu.ar\/wp-content\/uploads\/2017\/10\/carlos-vidal-libro-presentacion-nqn-768x435.jpg 768w, https:\/\/cehepyc.uncoma.edu.ar\/wp-content\/uploads\/2017\/10\/carlos-vidal-libro-presentacion-nqn.jpg 800w\" sizes=\"(max-width: 300px) 100vw, 300px\" \/><\/div>\n\t\t<\/a>\n\t\t\t\t<div class=\"elementor-post__text\">\n\t\t\t\t<h3 class=\"elementor-post__title\">\n\t\t\t<a href=\"https:\/\/cehepyc.uncoma.edu.ar\/index.php\/443\/\" >\n\t\t\t\tPresentaci\u00f3n del libro \u201cCarlos Vidal, el emprendedor Neuquino\u201d\t\t\t<\/a>\n\t\t<\/h3>\n\t\t\t\t<div class=\"elementor-post__meta-data\">\n\t\t\t\t\t<span class=\"elementor-post-date\">\n\t\t\t9 mayo, 2022\t\t<\/span>\n\t\t\t\t<\/div>\n\t\t\t\t<div class=\"elementor-post__excerpt\">\n\t\t\t<p>La historiadora Beatriz Carolina Ch\u00e1vez, a pedido de ACIPAN, public\u00f3 en agosto de 2019 el libro \u201cCarlos Vidal, el emprendedor Neuquino\u201d, que relata la historia<\/p>\n\t\t<\/div>\n\t\t\t\t<\/div>\n\t\t\t\t<\/article>\n\t\t\t\t<article class=\"elementor-post elementor-grid-item post-441 post type-post status-publish format-standard has-post-thumbnail hentry category-transferencia\" role=\"listitem\">\n\t\t\t\t<a class=\"elementor-post__thumbnail__link\" href=\"https:\/\/cehepyc.uncoma.edu.ar\/index.php\/erase-una-vezneuquen-y-su-historia\/\" tabindex=\"-1\" >\n\t\t\t<div class=\"elementor-post__thumbnail\"><img fetchpriority=\"high\" decoding=\"async\" width=\"300\" height=\"300\" src=\"https:\/\/cehepyc.uncoma.edu.ar\/wp-content\/uploads\/2024\/01\/cropped-logo-cehepyc-300x300.png\" class=\"attachment-medium size-medium wp-image-2294\" alt=\"\" srcset=\"https:\/\/cehepyc.uncoma.edu.ar\/wp-content\/uploads\/2024\/01\/cropped-logo-cehepyc-300x300.png 300w, https:\/\/cehepyc.uncoma.edu.ar\/wp-content\/uploads\/2024\/01\/cropped-logo-cehepyc-150x150.png 150w, https:\/\/cehepyc.uncoma.edu.ar\/wp-content\/uploads\/2024\/01\/cropped-logo-cehepyc-270x270.png 270w, https:\/\/cehepyc.uncoma.edu.ar\/wp-content\/uploads\/2024\/01\/cropped-logo-cehepyc-192x192.png 192w, https:\/\/cehepyc.uncoma.edu.ar\/wp-content\/uploads\/2024\/01\/cropped-logo-cehepyc-180x180.png 180w, https:\/\/cehepyc.uncoma.edu.ar\/wp-content\/uploads\/2024\/01\/cropped-logo-cehepyc-32x32.png 32w, https:\/\/cehepyc.uncoma.edu.ar\/wp-content\/uploads\/2024\/01\/cropped-logo-cehepyc.png 512w\" sizes=\"(max-width: 300px) 100vw, 300px\" \/><\/div>\n\t\t<\/a>\n\t\t\t\t<div class=\"elementor-post__text\">\n\t\t\t\t<h3 class=\"elementor-post__title\">\n\t\t\t<a href=\"https:\/\/cehepyc.uncoma.edu.ar\/index.php\/erase-una-vezneuquen-y-su-historia\/\" >\n\t\t\t\tErase una vez\u2026Neuqu\u00e9n y su Historia.\t\t\t<\/a>\n\t\t<\/h3>\n\t\t\t\t<div class=\"elementor-post__meta-data\">\n\t\t\t\t\t<span class=\"elementor-post-date\">\n\t\t\t9 mayo, 2022\t\t<\/span>\n\t\t\t\t<\/div>\n\t\t\t\t<div class=\"elementor-post__excerpt\">\n\t\t\t<p>A fines del a\u00f1o 2007, se firm\u00f3 un Convenio entre el Cehepyc\/Clacso-Facultad de Humanidades-UNCo y el diario La Ma\u00f1ana de Neuqu\u00e9n, para la edici\u00f3n de<\/p>\n\t\t<\/div>\n\t\t\t\t<\/div>\n\t\t\t\t<\/article>\n\t\t\t\t<article class=\"elementor-post elementor-grid-item post-250 post type-post status-publish format-standard has-post-thumbnail hentry category-transferencia\" role=\"listitem\">\n\t\t\t\t<a class=\"elementor-post__thumbnail__link\" href=\"https:\/\/cehepyc.uncoma.edu.ar\/index.php\/publicaciones-2\/\" tabindex=\"-1\" >\n\t\t\t<div class=\"elementor-post__thumbnail\"><img decoding=\"async\" width=\"300\" height=\"170\" src=\"https:\/\/cehepyc.uncoma.edu.ar\/wp-content\/uploads\/2017\/10\/carlos-vidal-libro-presentacion-nqn-300x170.jpg\" class=\"attachment-medium size-medium wp-image-248\" alt=\"\" srcset=\"https:\/\/cehepyc.uncoma.edu.ar\/wp-content\/uploads\/2017\/10\/carlos-vidal-libro-presentacion-nqn-300x170.jpg 300w, https:\/\/cehepyc.uncoma.edu.ar\/wp-content\/uploads\/2017\/10\/carlos-vidal-libro-presentacion-nqn-768x435.jpg 768w, https:\/\/cehepyc.uncoma.edu.ar\/wp-content\/uploads\/2017\/10\/carlos-vidal-libro-presentacion-nqn.jpg 800w\" sizes=\"(max-width: 300px) 100vw, 300px\" \/><\/div>\n\t\t<\/a>\n\t\t\t\t<div class=\"elementor-post__text\">\n\t\t\t\t<h3 class=\"elementor-post__title\">\n\t\t\t<a href=\"https:\/\/cehepyc.uncoma.edu.ar\/index.php\/publicaciones-2\/\" >\n\t\t\t\tPublicaciones\t\t\t<\/a>\n\t\t<\/h3>\n\t\t\t\t<div class=\"elementor-post__meta-data\">\n\t\t\t\t\t<span class=\"elementor-post-date\">\n\t\t\t10 octubre, 2017\t\t<\/span>\n\t\t\t\t<\/div>\n\t\t\t\t<div class=\"elementor-post__excerpt\">\n\t\t\t<p>A fines del a\u00f1o 2007, se firm\u00f3 un Convenio entre el Cehepyc\/Clacso-Facultad de Humanidades-UNCo y el diario La Ma\u00f1ana de Neuqu\u00e9n, para la edici\u00f3n de<\/p>\n\t\t<\/div>\n\t\t\t\t<\/div>\n\t\t\t\t<\/article>\n\t\t\t\t<\/div>\n\t\t\n\t\t\t\t\t\t<\/div>\n\t\t\t\t<\/div>\n\t\t\t\t\t<\/div>\n\t\t<\/div>\n\t\t\t\t\t<\/div>\n\t\t<\/section>\n\t\t\t\t<\/div>\n\t\t","protected":false},"excerpt":{"rendered":"","protected":false},"author":1,"featured_media":2294,"parent":0,"menu_order":0,"comment_status":"closed","ping_status":"closed","template":"","meta":{"footnotes":""},"class_list":["post-267","page","type-page","status-publish","has-post-thumbnail","hentry"],"_links":{"self":[{"href":"https:\/\/cehepyc.uncoma.edu.ar\/index.php\/wp-json\/wp\/v2\/pages\/267","targetHints":{"allow":["GET"]}}],"collection":[{"href":"https:\/\/cehepyc.uncoma.edu.ar\/index.php\/wp-json\/wp\/v2\/pages"}],"about":[{"href":"https:\/\/cehepyc.uncoma.edu.ar\/index.php\/wp-json\/wp\/v2\/types\/page"}],"author":[{"embeddable":true,"href":"https:\/\/cehepyc.uncoma.edu.ar\/index.php\/wp-json\/wp\/v2\/users\/1"}],"replies":[{"embeddable":true,"href":"https:\/\/cehepyc.uncoma.edu.ar\/index.php\/wp-json\/wp\/v2\/comments?post=267"}],"version-history":[{"count":7,"href":"https:\/\/cehepyc.uncoma.edu.ar\/index.php\/wp-json\/wp\/v2\/pages\/267\/revisions"}],"predecessor-version":[{"id":804,"href":"https:\/\/cehepyc.uncoma.edu.ar\/index.php\/wp-json\/wp\/v2\/pages\/267\/revisions\/804"}],"wp:featuredmedia":[{"embeddable":true,"href":"https:\/\/cehepyc.uncoma.edu.ar\/index.php\/wp-json\/wp\/v2\/media\/2294"}],"wp:attachment":[{"href":"https:\/\/cehepyc.uncoma.edu.ar\/index.php\/wp-json\/wp\/v2\/media?parent=267"}],"curies":[{"name":"wp","href":"https:\/\/api.w.org\/{rel}","templated":true}]}}