{"id":1345,"date":"2023-05-24T17:10:05","date_gmt":"2023-05-24T20:10:05","guid":{"rendered":"http:\/\/170.210.81.106\/cehepyc\/?page_id=1345"},"modified":"2024-08-30T14:27:46","modified_gmt":"2024-08-30T17:27:46","slug":"getep","status":"publish","type":"page","link":"https:\/\/cehepyc.uncoma.edu.ar\/index.php\/getep\/","title":{"rendered":"GETEP"},"content":{"rendered":"\t\t<div data-elementor-type=\"wp-page\" data-elementor-id=\"1345\" class=\"elementor elementor-1345\" data-elementor-post-type=\"page\">\n\t\t\t\t<div class=\"elementor-element elementor-element-a145cd4 e-flex e-con-boxed e-con e-parent\" data-id=\"a145cd4\" data-element_type=\"container\" data-e-type=\"container\">\n\t\t\t\t\t<div class=\"e-con-inner\">\n\t\t\t\t<div class=\"elementor-element elementor-element-1f71e26 elementor--h-position-center elementor--v-position-middle elementor-widget elementor-widget-slides\" data-id=\"1f71e26\" data-element_type=\"widget\" data-e-type=\"widget\" data-settings=\"{&quot;navigation&quot;:&quot;none&quot;,&quot;autoplay_speed&quot;:3000,&quot;transition&quot;:&quot;fade&quot;,&quot;autoplay&quot;:&quot;yes&quot;,&quot;pause_on_hover&quot;:&quot;yes&quot;,&quot;pause_on_interaction&quot;:&quot;yes&quot;,&quot;infinite&quot;:&quot;yes&quot;,&quot;transition_speed&quot;:500}\" data-widget_type=\"slides.default\">\n\t\t\t\t<div class=\"elementor-widget-container\">\n\t\t\t\t\t\t\t\t\t<div class=\"elementor-swiper\">\r\n\t\t\t\t\t<div class=\"elementor-slides-wrapper elementor-main-swiper swiper\" role=\"region\" aria-roledescription=\"carousel\" aria-label=\"Slides\" dir=\"ltr\" data-animation=\"zoomIn\">\r\n\t\t\t\t<div class=\"swiper-wrapper elementor-slides\">\r\n\t\t\t\t\t\t\t\t\t\t<div class=\"elementor-repeater-item-416b5f3 swiper-slide\" role=\"group\" aria-roledescription=\"slide\"><div class=\"swiper-slide-bg elementor-ken-burns elementor-ken-burns--out\" role=\"img\" aria-label=\"simone-beauvoir-wide\"><\/div><div class=\"swiper-slide-inner\" ><div class=\"swiper-slide-contents\"><\/div><\/div><\/div><div class=\"elementor-repeater-item-555a421 swiper-slide\" role=\"group\" aria-roledescription=\"slide\"><div class=\"swiper-slide-bg elementor-ken-burns elementor-ken-burns--out\" role=\"img\" aria-label=\"images\"><\/div><div class=\"swiper-slide-inner\" ><div class=\"swiper-slide-contents\"><\/div><\/div><\/div><div class=\"elementor-repeater-item-994be11 swiper-slide\" role=\"group\" aria-roledescription=\"slide\"><div class=\"swiper-slide-bg elementor-ken-burns elementor-ken-burns--out\" role=\"img\" aria-label=\"flora-tristan\"><\/div><div class=\"swiper-slide-inner\" ><div class=\"swiper-slide-contents\"><\/div><\/div><\/div>\t\t\t\t<\/div>\r\n\t\t\t\t\t\t\t\t\t\t\t\t\t\t\t\t\t\t\t\t\t<\/div>\r\n\t\t\t\t<\/div>\r\n\t\t\t\t\t\t\t\t<\/div>\n\t\t\t\t<\/div>\n\t\t\t\t\t<\/div>\n\t\t\t\t<\/div>\n\t\t<div class=\"elementor-element elementor-element-0e63403 e-flex e-con-boxed e-con e-parent\" data-id=\"0e63403\" data-element_type=\"container\" data-e-type=\"container\" data-settings=\"{&quot;background_background&quot;:&quot;classic&quot;}\">\n\t\t\t\t\t<div class=\"e-con-inner\">\n\t\t\t\t<div class=\"elementor-element elementor-element-79b64f8 elementor-widget-mobile__width-inherit elementor-widget elementor-widget-image-box\" data-id=\"79b64f8\" data-element_type=\"widget\" data-e-type=\"widget\" data-widget_type=\"image-box.default\">\n\t\t\t\t<div class=\"elementor-widget-container\">\n\t\t\t\t\t<div class=\"elementor-image-box-wrapper\"><div class=\"elementor-image-box-content\"><h2 class=\"elementor-image-box-title\">Presentaci\u00f3n General\u00a0<\/h2><\/div><\/div>\t\t\t\t<\/div>\n\t\t\t\t<\/div>\n\t\t\t\t\t<\/div>\n\t\t\t\t<\/div>\n\t\t<div class=\"elementor-element elementor-element-8f1deec e-con-full e-flex e-con e-parent\" data-id=\"8f1deec\" data-element_type=\"container\" data-e-type=\"container\" data-settings=\"{&quot;background_background&quot;:&quot;classic&quot;}\">\n\t\t\t\t<div class=\"elementor-element elementor-element-42e9869 elementor-widget elementor-widget-text-editor\" data-id=\"42e9869\" data-element_type=\"widget\" data-e-type=\"widget\" data-widget_type=\"text-editor.default\">\n\t\t\t\t<div class=\"elementor-widget-container\">\n\t\t\t\t\t\t\t\t\t<p>El Grupo de Estudios en Teor\u00eda Pol\u00edtica (GETEP) es un colectivo dedicado a la investigaci\u00f3n de problemas espec\u00edficos de esta disciplina, desde m\u00faltiples tradiciones, enfoques y dimensiones de an\u00e1lisis.<\/p><p>Se constituy\u00f3 en el seno del CEHEPyC en 2012 con el prop\u00f3sito general de promover y afianzar la pr\u00e1ctica de la Teor\u00eda Pol\u00edtica en el \u00e1mbito institucional de la Universidad Nacional del Comahue y en su zona de influencia.<\/p><p>El GETEP particip\u00f3 en las instancias inaugurales del Encuentro Patag\u00f3nico de Teor\u00eda Pol\u00edtica, el cual ya ha mantenido nueve reuniones (2012 hasta 2022) con la presencia de investigadorxs de Neuqu\u00e9n, Comodoro Rivadavia, Bariloche y Viedma, nucleados en la UNComahue, la UNPSJB y la UNRN.<\/p><p>El GETEP ofici\u00f3 como anfitri\u00f3n de los encuentros realizados en 2016 y 2022, con financiamiento del FONCyT y dio lugar a publicaciones colectivas como el n\u00famero especial de (En)Clave Comahue: \u201cLa dimensi\u00f3n ut\u00f3pica en la Patagonia\u201d (2017, n. 22) y el libro Patagonia: Tragedia y Sacrificio (Teseo Press: 2022).<\/p>\t\t\t\t\t\t\t\t<\/div>\n\t\t\t\t<\/div>\n\t\t\t\t<div class=\"elementor-element elementor-element-542f734 elementor-position-left elementor-vertical-align-middle elementor-widget elementor-widget-image-box\" data-id=\"542f734\" data-element_type=\"widget\" data-e-type=\"widget\" data-widget_type=\"image-box.default\">\n\t\t\t\t<div class=\"elementor-widget-container\">\n\t\t\t\t\t<div class=\"elementor-image-box-wrapper\"><figure class=\"elementor-image-box-img\"><img fetchpriority=\"high\" decoding=\"async\" width=\"1920\" height=\"1080\" src=\"https:\/\/cehepyc.uncoma.edu.ar\/wp-content\/uploads\/2023\/05\/Rosa-Luxemburgo-6.jpg\" class=\"attachment-full size-full wp-image-1784\" alt=\"\" srcset=\"https:\/\/cehepyc.uncoma.edu.ar\/wp-content\/uploads\/2023\/05\/Rosa-Luxemburgo-6.jpg 1920w, https:\/\/cehepyc.uncoma.edu.ar\/wp-content\/uploads\/2023\/05\/Rosa-Luxemburgo-6-300x169.jpg 300w, https:\/\/cehepyc.uncoma.edu.ar\/wp-content\/uploads\/2023\/05\/Rosa-Luxemburgo-6-1024x576.jpg 1024w, https:\/\/cehepyc.uncoma.edu.ar\/wp-content\/uploads\/2023\/05\/Rosa-Luxemburgo-6-768x432.jpg 768w, https:\/\/cehepyc.uncoma.edu.ar\/wp-content\/uploads\/2023\/05\/Rosa-Luxemburgo-6-1536x864.jpg 1536w\" sizes=\"(max-width: 1920px) 100vw, 1920px\" \/><\/figure><div class=\"elementor-image-box-content\"><h3 class=\"elementor-image-box-title\">Fundamentos<\/h3><p class=\"elementor-image-box-description\">GETEP\nPatagonia\nGrupo de Estudios en Teor\u00eda Pol\u00edtica\n  \nEl Grupo de Estudios en Teor\u00eda Pol\u00edtica (GETEP) es un colectivo dedicado a la investigaci\u00f3n de problemas espec\u00edficos de la Teor\u00eda Pol\u00edtica, desde m\u00faltiples tradiciones, enfoques y dimensiones de an\u00e1lisis. Se constituye en el seno del CEHEPyC, con el prop\u00f3sito general de promover y afianzar la pr\u00e1ctica de la Teor\u00eda Pol\u00edtica en el \u00e1mbito institucional de la Universidad Nacional del Comahue y en su zona de influencia\n<\/p><\/div><\/div>\t\t\t\t<\/div>\n\t\t\t\t<\/div>\n\t\t\t\t<div class=\"elementor-element elementor-element-11c9785 elementor-position-left elementor-vertical-align-middle elementor-widget elementor-widget-image-box\" data-id=\"11c9785\" data-element_type=\"widget\" data-e-type=\"widget\" data-widget_type=\"image-box.default\">\n\t\t\t\t<div class=\"elementor-widget-container\">\n\t\t\t\t\t<div class=\"elementor-image-box-wrapper\"><figure class=\"elementor-image-box-img\"><img decoding=\"async\" width=\"448\" height=\"326\" src=\"https:\/\/cehepyc.uncoma.edu.ar\/wp-content\/uploads\/2022\/05\/11-1.jpg\" class=\"attachment-full size-full wp-image-555\" alt=\"\" srcset=\"https:\/\/cehepyc.uncoma.edu.ar\/wp-content\/uploads\/2022\/05\/11-1.jpg 448w, https:\/\/cehepyc.uncoma.edu.ar\/wp-content\/uploads\/2022\/05\/11-1-300x218.jpg 300w\" sizes=\"(max-width: 448px) 100vw, 448px\" \/><\/figure><div class=\"elementor-image-box-content\"><h3 class=\"elementor-image-box-title\">Antecedentes<\/h3><p class=\"elementor-image-box-description\">Desde su creaci\u00f3n en 1997, el CEHEPyC se ha desarrollado como un espacio de investigaci\u00f3n multi y transdisciplinar, a tono con la concepci\u00f3n de que el saber sistem\u00e1tico avanza hacia una suerte de ciencia social unificada. En este sentido, fueron aloj\u00e1ndose en el Centro diversas miradas y pr\u00e1cticas acad\u00e9micas y cient\u00edficas, a partir de un n\u00facleo originario centrado en la Historiograf\u00eda.  Siempre en funci\u00f3n de una pol\u00edtica de apertura y crecimiento, y mientras se constitu\u00edan grupos de trabajo espec\u00edficos sobre Historia Pol\u00edtica e Historia Actual, el CEHEPyC particip\u00f3 en las instancias inaugurales del Encuentro Patag\u00f3nico de Teor\u00eda Pol\u00edtica, el cual ya ha mantenido nueve reuniones (2012 hasta 2022) con la presencia de investigadorxs de Neuqu\u00e9n, Comodoro Rivadavia, Bariloche y Viedma, nucleados en la UNComahue, la UNPSJB y la UNRN.<\/p><\/div><\/div>\t\t\t\t<\/div>\n\t\t\t\t<\/div>\n\t\t\t\t<div class=\"elementor-element elementor-element-561dd1e elementor-widget elementor-widget-text-editor\" data-id=\"561dd1e\" data-element_type=\"widget\" data-e-type=\"widget\" data-widget_type=\"text-editor.default\">\n\t\t\t\t<div class=\"elementor-widget-container\">\n\t\t\t\t\t\t\t\t\t<p>El GETEP ofici\u00f3 como anfitri\u00f3n de los encuentros realizados en 2016 y 2022, este \u00faltimo con modalidad virtual. La existencia de este espacio en el CEHEPyC se torna posible, en buena medida, por la inserci\u00f3n de investigadorxs, docentes y graduadxs formados en Ciencia Pol\u00edtica, Filosof\u00eda Pol\u00edtica y Ciencias Sociales, cuyos intereses y l\u00edneas de trabajo se focalizan en t\u00f3picos propios de la Teor\u00eda Pol\u00edtica. As\u00ed, el GETEP responde a la necesidad de contar con una instancia de investigaci\u00f3n espec\u00edfica para esta disciplina en el \u00e1mbito de la UNCo, y en virtud de las experiencias de trabajo colectivo gestadas en y desde el Centro<\/p>\t\t\t\t\t\t\t\t<\/div>\n\t\t\t\t<\/div>\n\t\t\t\t<div class=\"elementor-element elementor-element-15ec494 elementor-position-left elementor-vertical-align-middle elementor-widget elementor-widget-image-box\" data-id=\"15ec494\" data-element_type=\"widget\" data-e-type=\"widget\" data-widget_type=\"image-box.default\">\n\t\t\t\t<div class=\"elementor-widget-container\">\n\t\t\t\t\t<div class=\"elementor-image-box-wrapper\"><figure class=\"elementor-image-box-img\"><img decoding=\"async\" width=\"650\" height=\"370\" src=\"https:\/\/cehepyc.uncoma.edu.ar\/wp-content\/uploads\/2022\/05\/10-1.jpg\" class=\"attachment-full size-full wp-image-554\" alt=\"\" srcset=\"https:\/\/cehepyc.uncoma.edu.ar\/wp-content\/uploads\/2022\/05\/10-1.jpg 650w, https:\/\/cehepyc.uncoma.edu.ar\/wp-content\/uploads\/2022\/05\/10-1-300x171.jpg 300w\" sizes=\"(max-width: 650px) 100vw, 650px\" \/><\/figure><div class=\"elementor-image-box-content\"><h3 class=\"elementor-image-box-title\">Prop\u00f3sitos<\/h3><p class=\"elementor-image-box-description\">* Desarrollar investigaciones centradas en t\u00f3picos y enfoques propios de la Teor\u00eda Pol\u00edtica.\n* Aportar herramientas de an\u00e1lisis te\u00f3rico a la lectura de los procesos sociales y pol\u00edticos inmediatos y nutrir la teor\u00eda de las experiencias hist\u00f3ricas en desarrollo.\n* Generar espacios de debate, formaci\u00f3n, extensi\u00f3n y divulgaci\u00f3n sobre y desde la Teor\u00eda Pol\u00edtica, en el marco de la gran \u00e1rea de las Ciencias Sociales y las Humanidades.\n* Promover articulaciones cient\u00edficas e institucionales con otros espacios a nivel nacional, regional e internacional, como el Encuentro Patag\u00f3nico de Teor\u00eda Pol\u00edtica y la Red de Investigaciones sobre Igualitarismo (RISI).\n* Construir instancias de trabajo interdisciplinario desde la Teor\u00eda Pol\u00edtica con otros colectivos de la Universidad Nacional del Comahue y del sistema nacional de Ciencia y T\u00e9cnica.\n<\/p><\/div><\/div>\t\t\t\t<\/div>\n\t\t\t\t<\/div>\n\t\t\t\t<\/div>\n\t\t<div class=\"elementor-element elementor-element-68421cef e-con-full e-flex e-con e-parent\" data-id=\"68421cef\" data-element_type=\"container\" data-e-type=\"container\" data-settings=\"{&quot;background_background&quot;:&quot;classic&quot;}\">\n\t\t\t\t<div class=\"elementor-element elementor-element-cfea680 elementor-view-default elementor-position-block-start elementor-mobile-position-block-start elementor-widget elementor-widget-icon-box\" data-id=\"cfea680\" data-element_type=\"widget\" data-e-type=\"widget\" data-widget_type=\"icon-box.default\">\n\t\t\t\t<div class=\"elementor-widget-container\">\n\t\t\t\t\t\t\t<div class=\"elementor-icon-box-wrapper\">\n\n\t\t\t\t\t\t<div class=\"elementor-icon-box-icon\">\n\t\t\t\t<span  class=\"elementor-icon\">\n\t\t\t\t<svg aria-hidden=\"true\" class=\"e-font-icon-svg e-fas-people-carry\" viewBox=\"0 0 640 512\" xmlns=\"http:\/\/www.w3.org\/2000\/svg\"><path d=\"M128 96c26.5 0 48-21.5 48-48S154.5 0 128 0 80 21.5 80 48s21.5 48 48 48zm384 0c26.5 0 48-21.5 48-48S538.5 0 512 0s-48 21.5-48 48 21.5 48 48 48zm125.7 372.1l-44-110-41.1 46.4-2 18.2 27.7 69.2c5 12.5 17 20.1 29.7 20.1 4 0 8-.7 11.9-2.3 16.4-6.6 24.4-25.2 17.8-41.6zm-34.2-209.8L585 178.1c-4.6-20-18.6-36.8-37.5-44.9-18.5-8-39-6.7-56.1 3.3-22.7 13.4-39.7 34.5-48.1 59.4L432 229.8 416 240v-96c0-8.8-7.2-16-16-16H240c-8.8 0-16 7.2-16 16v96l-16.1-10.2-11.3-33.9c-8.3-25-25.4-46-48.1-59.4-17.2-10-37.6-11.3-56.1-3.3-18.9 8.1-32.9 24.9-37.5 44.9l-18.4 80.2c-4.6 20 .7 41.2 14.4 56.7l67.2 75.9 10.1 92.6C130 499.8 143.8 512 160 512c1.2 0 2.3-.1 3.5-.2 17.6-1.9 30.2-17.7 28.3-35.3l-10.1-92.8c-1.5-13-6.9-25.1-15.6-35l-43.3-49 17.6-70.3 6.8 20.4c4.1 12.5 11.9 23.4 24.5 32.6l51.1 32.5c4.6 2.9 12.1 4.6 17.2 5h160c5.1-.4 12.6-2.1 17.2-5l51.1-32.5c12.6-9.2 20.4-20 24.5-32.6l6.8-20.4 17.6 70.3-43.3 49c-8.7 9.9-14.1 22-15.6 35l-10.1 92.8c-1.9 17.6 10.8 33.4 28.3 35.3 1.2.1 2.3.2 3.5.2 16.1 0 30-12.1 31.8-28.5l10.1-92.6 67.2-75.9c13.6-15.5 19-36.7 14.4-56.7zM46.3 358.1l-44 110c-6.6 16.4 1.4 35 17.8 41.6 16.8 6.6 35.1-1.7 41.6-17.8l27.7-69.2-2-18.2-41.1-46.4z\"><\/path><\/svg>\t\t\t\t<\/span>\n\t\t\t<\/div>\n\t\t\t\n\t\t\t\t\t\t<div class=\"elementor-icon-box-content\">\n\n\t\t\t\t\t\t\t\t\t<h2 class=\"elementor-icon-box-title\">\n\t\t\t\t\t\t<span  >\n\t\t\t\t\t\t\tIntegrantes\t\t\t\t\t\t<\/span>\n\t\t\t\t\t<\/h2>\n\t\t\t\t\n\t\t\t\t\n\t\t\t<\/div>\n\t\t\t\n\t\t<\/div>\n\t\t\t\t\t\t<\/div>\n\t\t\t\t<\/div>\n\t\t\t\t<div class=\"elementor-element elementor-element-7417080 elementor-grid-eael-col-4 elementor-grid-tablet-eael-col-2 elementor-grid-mobile-eael-col-1 elementor-widget elementor-widget-eael-post-grid\" data-id=\"7417080\" data-element_type=\"widget\" data-e-type=\"widget\" data-settings=\"{&quot;eael_post_grid_columns&quot;:&quot;eael-col-4&quot;,&quot;eael_post_grid_columns_tablet&quot;:&quot;eael-col-2&quot;,&quot;eael_post_grid_columns_mobile&quot;:&quot;eael-col-1&quot;}\" data-widget_type=\"eael-post-grid.default\">\n\t\t\t\t<div class=\"elementor-widget-container\">\n\t\t\t\t\t<div id=\"eael-post-grid-7417080\" class=\"eael-post-grid-container\">\n            <div class=\"eael-post-grid eael-post-appender eael-post-appender-7417080 eael-post-grid-style-one\" data-layout-mode=\"grid\"><article class=\"eael-grid-post  eael-post-grid-column eael-pg-post-2175\" data-id=\"2175\">\n        <div class=\"eael-grid-post-holder\">\n            <div class=\"eael-grid-post-holder-inner\"><div class=\"eael-entry-media\"><div class=\"eael-entry-overlay fade-in\"><i class=\"far fa-file-alt\" aria-hidden=\"true\"><\/i><a href=\"https:\/\/cehepyc.uncoma.edu.ar\/index.php\/integrantes\/lizarraga-fernando\/\"><\/a><\/div><div class=\"eael-entry-thumbnail \">\n                <img loading=\"lazy\" decoding=\"async\" width=\"1276\" height=\"1923\" src=\"https:\/\/cehepyc.uncoma.edu.ar\/wp-content\/uploads\/2023\/05\/LIZARRAGA-foto.jpeg\" class=\"attachment-full size-full wp-image-1488\" alt=\"\" srcset=\"https:\/\/cehepyc.uncoma.edu.ar\/wp-content\/uploads\/2023\/05\/LIZARRAGA-foto.jpeg 1276w, https:\/\/cehepyc.uncoma.edu.ar\/wp-content\/uploads\/2023\/05\/LIZARRAGA-foto-199x300.jpeg 199w, https:\/\/cehepyc.uncoma.edu.ar\/wp-content\/uploads\/2023\/05\/LIZARRAGA-foto-679x1024.jpeg 679w, https:\/\/cehepyc.uncoma.edu.ar\/wp-content\/uploads\/2023\/05\/LIZARRAGA-foto-768x1157.jpeg 768w, https:\/\/cehepyc.uncoma.edu.ar\/wp-content\/uploads\/2023\/05\/LIZARRAGA-foto-1019x1536.jpeg 1019w\" sizes=\"(max-width: 1276px) 100vw, 1276px\" \/>\n            <\/div>\n        <\/div><div class=\"eael-entry-wrapper\"><header class=\"eael-entry-header\"><h2 class=\"eael-entry-title\"><a class=\"eael-grid-post-link\" href=\"https:\/\/cehepyc.uncoma.edu.ar\/index.php\/integrantes\/lizarraga-fernando\/\" title=\"Liz\u00e1rraga Fernando\">Liz\u00e1rraga Fernando<\/a><\/h2><\/header><div class=\"eael-entry-footer\"><div class=\"eael-entry-meta\"><\/div><\/div><\/div><\/div>\n        <\/div>\n    <\/article><article class=\"eael-grid-post  eael-post-grid-column eael-pg-post-2172\" data-id=\"2172\">\n        <div class=\"eael-grid-post-holder\">\n            <div class=\"eael-grid-post-holder-inner\"><div class=\"eael-entry-media\"><div class=\"eael-entry-overlay fade-in\"><i class=\"far fa-file-alt\" aria-hidden=\"true\"><\/i><a href=\"https:\/\/cehepyc.uncoma.edu.ar\/index.php\/integrantes\/garcia-gualda-suyai-malen\/\"><\/a><\/div><div class=\"eael-entry-thumbnail \">\n                <img loading=\"lazy\" decoding=\"async\" width=\"249\" height=\"253\" src=\"https:\/\/cehepyc.uncoma.edu.ar\/wp-content\/uploads\/2023\/05\/GARCIA-GUALDA-foto.jpg\" class=\"attachment-full size-full wp-image-1486\" alt=\"\" \/>\n            <\/div>\n        <\/div><div class=\"eael-entry-wrapper\"><header class=\"eael-entry-header\"><h2 class=\"eael-entry-title\"><a class=\"eael-grid-post-link\" href=\"https:\/\/cehepyc.uncoma.edu.ar\/index.php\/integrantes\/garcia-gualda-suyai-malen\/\" title=\"Garc\u00eda Gualda Suyai Malen\">Garc\u00eda Gualda Suyai Malen<\/a><\/h2><\/header><div class=\"eael-entry-footer\"><div class=\"eael-entry-meta\"><\/div><\/div><\/div><\/div>\n        <\/div>\n    <\/article><article class=\"eael-grid-post  eael-post-grid-column eael-pg-post-2193\" data-id=\"2193\">\n        <div class=\"eael-grid-post-holder\">\n            <div class=\"eael-grid-post-holder-inner\"><div class=\"eael-entry-media\"><div class=\"eael-entry-overlay fade-in\"><i class=\"far fa-file-alt\" aria-hidden=\"true\"><\/i><a href=\"https:\/\/cehepyc.uncoma.edu.ar\/index.php\/integrantes\/sancho-maria-dolores\/\"><\/a><\/div><div class=\"eael-entry-thumbnail \">\n                <img loading=\"lazy\" decoding=\"async\" width=\"1202\" height=\"1600\" src=\"https:\/\/cehepyc.uncoma.edu.ar\/wp-content\/uploads\/2023\/05\/SANCHO-foto.jpeg\" class=\"attachment-full size-full wp-image-1490\" alt=\"\" srcset=\"https:\/\/cehepyc.uncoma.edu.ar\/wp-content\/uploads\/2023\/05\/SANCHO-foto.jpeg 1202w, https:\/\/cehepyc.uncoma.edu.ar\/wp-content\/uploads\/2023\/05\/SANCHO-foto-225x300.jpeg 225w, https:\/\/cehepyc.uncoma.edu.ar\/wp-content\/uploads\/2023\/05\/SANCHO-foto-769x1024.jpeg 769w, https:\/\/cehepyc.uncoma.edu.ar\/wp-content\/uploads\/2023\/05\/SANCHO-foto-768x1022.jpeg 768w, https:\/\/cehepyc.uncoma.edu.ar\/wp-content\/uploads\/2023\/05\/SANCHO-foto-1154x1536.jpeg 1154w\" sizes=\"(max-width: 1202px) 100vw, 1202px\" \/>\n            <\/div>\n        <\/div><div class=\"eael-entry-wrapper\"><header class=\"eael-entry-header\"><h2 class=\"eael-entry-title\"><a class=\"eael-grid-post-link\" href=\"https:\/\/cehepyc.uncoma.edu.ar\/index.php\/integrantes\/sancho-maria-dolores\/\" title=\"Sancho Mar\u00eda Dolores\">Sancho Mar\u00eda Dolores<\/a><\/h2><\/header><div class=\"eael-entry-footer\"><div class=\"eael-entry-meta\"><\/div><\/div><\/div><\/div>\n        <\/div>\n    <\/article><article class=\"eael-grid-post  eael-post-grid-column eael-pg-post-2162\" data-id=\"2162\">\n        <div class=\"eael-grid-post-holder\">\n            <div class=\"eael-grid-post-holder-inner\"><div class=\"eael-entry-media\"><div class=\"eael-entry-overlay fade-in\"><i class=\"far fa-file-alt\" aria-hidden=\"true\"><\/i><a href=\"https:\/\/cehepyc.uncoma.edu.ar\/index.php\/integrantes\/duimich-laura\/\"><\/a><\/div><div class=\"eael-entry-thumbnail \">\n                <img loading=\"lazy\" decoding=\"async\" width=\"280\" height=\"276\" src=\"https:\/\/cehepyc.uncoma.edu.ar\/wp-content\/uploads\/2023\/05\/DUIMICH-foto.jpg\" class=\"attachment-full size-full wp-image-1484\" alt=\"\" \/>\n            <\/div>\n        <\/div><div class=\"eael-entry-wrapper\"><header class=\"eael-entry-header\"><h2 class=\"eael-entry-title\"><a class=\"eael-grid-post-link\" href=\"https:\/\/cehepyc.uncoma.edu.ar\/index.php\/integrantes\/duimich-laura\/\" title=\"Duimich Laura\">Duimich Laura<\/a><\/h2><\/header><div class=\"eael-entry-footer\"><div class=\"eael-entry-meta\"><\/div><\/div><\/div><\/div>\n        <\/div>\n    <\/article><\/div>\n            <div class=\"clearfix\"><\/div>\n        <\/div>\t\t\t\t<\/div>\n\t\t\t\t<\/div>\n\t\t\t\t<div class=\"elementor-element elementor-element-79176dc elementor-widget-divider--view-line elementor-widget elementor-widget-divider\" data-id=\"79176dc\" data-element_type=\"widget\" data-e-type=\"widget\" data-widget_type=\"divider.default\">\n\t\t\t\t<div class=\"elementor-widget-container\">\n\t\t\t\t\t\t\t<div class=\"elementor-divider\">\n\t\t\t<span class=\"elementor-divider-separator\">\n\t\t\t\t\t\t<\/span>\n\t\t<\/div>\n\t\t\t\t\t\t<\/div>\n\t\t\t\t<\/div>\n\t\t\t\t<\/div>\n\t\t\t\t<\/div>\n\t\t","protected":false},"excerpt":{"rendered":"<p>Presentaci\u00f3n General\u00a0 El Grupo de Estudios en Teor\u00eda Pol\u00edtica (GETEP) es un colectivo dedicado a la investigaci\u00f3n de problemas espec\u00edficos de esta disciplina, desde m\u00faltiples tradiciones, enfoques y dimensiones de an\u00e1lisis. Se constituy\u00f3 en el seno del CEHEPyC en 2012 con el prop\u00f3sito general de promover y afianzar la pr\u00e1ctica de la Teor\u00eda Pol\u00edtica en [&hellip;]<\/p>\n","protected":false},"author":2,"featured_media":2294,"parent":0,"menu_order":0,"comment_status":"closed","ping_status":"closed","template":"","meta":{"footnotes":""},"class_list":["post-1345","page","type-page","status-publish","has-post-thumbnail","hentry"],"_links":{"self":[{"href":"https:\/\/cehepyc.uncoma.edu.ar\/index.php\/wp-json\/wp\/v2\/pages\/1345","targetHints":{"allow":["GET"]}}],"collection":[{"href":"https:\/\/cehepyc.uncoma.edu.ar\/index.php\/wp-json\/wp\/v2\/pages"}],"about":[{"href":"https:\/\/cehepyc.uncoma.edu.ar\/index.php\/wp-json\/wp\/v2\/types\/page"}],"author":[{"embeddable":true,"href":"https:\/\/cehepyc.uncoma.edu.ar\/index.php\/wp-json\/wp\/v2\/users\/2"}],"replies":[{"embeddable":true,"href":"https:\/\/cehepyc.uncoma.edu.ar\/index.php\/wp-json\/wp\/v2\/comments?post=1345"}],"version-history":[{"count":287,"href":"https:\/\/cehepyc.uncoma.edu.ar\/index.php\/wp-json\/wp\/v2\/pages\/1345\/revisions"}],"predecessor-version":[{"id":3975,"href":"https:\/\/cehepyc.uncoma.edu.ar\/index.php\/wp-json\/wp\/v2\/pages\/1345\/revisions\/3975"}],"wp:featuredmedia":[{"embeddable":true,"href":"https:\/\/cehepyc.uncoma.edu.ar\/index.php\/wp-json\/wp\/v2\/media\/2294"}],"wp:attachment":[{"href":"https:\/\/cehepyc.uncoma.edu.ar\/index.php\/wp-json\/wp\/v2\/media?parent=1345"}],"curies":[{"name":"wp","href":"https:\/\/api.w.org\/{rel}","templated":true}]}}